{"id":2311,"date":"2017-12-04T15:12:37","date_gmt":"2017-12-04T13:12:37","guid":{"rendered":"http:\/\/www.bapp.info\/?page_id=2311"},"modified":"2018-01-06T15:58:47","modified_gmt":"2018-01-06T13:58:47","slug":"praeambel-leitbild","status":"publish","type":"page","link":"https:\/\/www.bapp.info\/?page_id=2311","title":{"rendered":"Pr\u00e4ambel &#038; Leitbild"},"content":{"rendered":"<p><strong>PR\u00c4AMBEL<\/strong><\/p>\n<p><strong>Die St\u00e4rkung der Ambulanten Psychiatrischen Pflege und das Recht des psychisch erkrankten Menschen auf eine kompetente, umfassende und eine patientenorientierte Pflege ist das Ziel unseres Vereins.<\/strong><\/p>\n<p><strong>LEITBILD<\/strong><\/p>\n<p><strong>Unsere Grundhaltung<\/strong><br \/>\nDie vordringlichste Aufgabe der psychiatrischen Pflege ist die Behandlung, Begleitung und Beratung der Patientinnen und Patienten. Im Mittelpunkt steht dabei der gelungene professionelle Kontakt. Der Mensch wird ganzheitlich und unter Ber\u00fccksichtigung seiner individuellen physischen, psychischen, sozialen, kulturellen und geistigen Bed\u00fcrfnisse wahrgenommen. Die W\u00fcrde und das Selbstbestimmungsrecht des Patienten sind zu respektieren.<\/p>\n<ul>\n<li>Unser Anliegen f\u00fcr psychiatrische Patienten ist die F\u00f6rderung bzw. Wiedererlangung der Selbstbestimmung, der Eigenverantwortlichkeit und Beziehungsf\u00e4higkeit.<\/li>\n<li>Unser Ziel ist es, dem Patienten zu helfen in seinem pers\u00f6nlichen Umfeld m\u00f6glichst zufrieden leben zu k\u00f6nnen.<\/li>\n<li>Einbezug und Ausbau eines trialogischen Arbeitsansatzes.<\/li>\n<li>Die partnerschaftliche Zusammenarbeit mit anderen in der Psychiatrie t\u00e4tigen Berufsgruppen und Organisationen ist zu f\u00f6rdern.<\/li>\n<li>Engagement, soziale, pers\u00f6nliche und fachliche Kompetenz sind die Grundlagen und Voraussetzungen f\u00fcr unsere Arbeit.<\/li>\n<li>Diese pflegerische Kompetenz wird gef\u00f6rdert und entwickelt durch die aktive Beteiligung an einem fachlichen Austausch und durch engagierte Teilnahme an Angeboten wie Supervision, Fort- und Weiterbildungsma\u00dfnahmen.<\/li>\n<li>Die st\u00e4ndige Reflektion von Qualit\u00e4t und das Streben nach Verbesserung in der t\u00e4glichen Arbeit haben oberste Priorit\u00e4t.<\/li>\n<\/ul>\n<p><strong>Unsere Aufgaben<\/strong><br \/>\nF\u00f6rderung der Ambulante Psychiatrischen Pflege durch<\/p>\n<ul>\n<li>Formulierung, Definition und Mitgestaltung notwendiger Rahmenbedingungen in unserem Aufgabenfeld<\/li>\n<li>Schaffung eines Netzwerkes<\/li>\n<li>unsere Fachkompetenz und unser Expertentum<\/li>\n<li>Erarbeitung gemeinsamer Positionen und Stellungnahmen zu aktuellen gesellschaftlichen und politischen Themen im Wirkungsfeld psychiatrischer Pflege<\/li>\n<li>leistungsgerechte Verg\u00fctung der Ambulanten Psychiatrischen Pflege<\/li>\n<li>definieren von Positionen und Empfehlungen f\u00fcr Aus-, Fort- und Weiterbildungen<\/li>\n<li>Empfehlung und Weiterentwicklung von Qualit\u00e4tsstandards f\u00fcr die psychiatrische Pflege<\/li>\n<li>\u00d6ffentlichkeitsarbeit<\/li>\n<\/ul>\n","protected":false},"excerpt":{"rendered":"<p>PR\u00c4AMBEL Die St\u00e4rkung der Ambulanten Psychiatrischen Pflege und das Recht des psychisch erkrankten Menschen auf eine kompetente, umfassende und eine patientenorientierte Pflege ist das Ziel unseres Vereins. LEITBILD Unsere Grundhaltung Die vordringlichste Aufgabe der psychiatrischen Pflege ist die Behandlung, Begleitung und Beratung der Patientinnen und Patienten. Im Mittelpunkt steht dabei der gelungene professionelle Kontakt. Der [&hellip;]<\/p>\n","protected":false},"author":891,"featured_media":0,"parent":784,"menu_order":0,"comment_status":"closed","ping_status":"open","template":"","meta":{"ocean_post_layout":"","ocean_both_sidebars_style":"","ocean_both_sidebars_content_width":0,"ocean_both_sidebars_sidebars_width":0,"ocean_sidebar":"","ocean_second_sidebar":"","ocean_disable_margins":"enable","ocean_add_body_class":"","ocean_shortcode_before_top_bar":"","ocean_shortcode_after_top_bar":"","ocean_shortcode_before_header":"","ocean_shortcode_after_header":"","ocean_has_shortcode":"","ocean_shortcode_after_title":"","ocean_shortcode_before_footer_widgets":"","ocean_shortcode_after_footer_widgets":"","ocean_shortcode_before_footer_bottom":"","ocean_shortcode_after_footer_bottom":"","ocean_display_top_bar":"default","ocean_display_header":"default","ocean_header_style":"","ocean_center_header_left_menu":"","ocean_custom_header_template":"","ocean_custom_logo":0,"ocean_custom_retina_logo":0,"ocean_custom_logo_max_width":0,"ocean_custom_logo_tablet_max_width":0,"ocean_custom_logo_mobile_max_width":0,"ocean_custom_logo_max_height":0,"ocean_custom_logo_tablet_max_height":0,"ocean_custom_logo_mobile_max_height":0,"ocean_header_custom_menu":"","ocean_menu_typo_font_family":"","ocean_menu_typo_font_subset":"","ocean_menu_typo_font_size":0,"ocean_menu_typo_font_size_tablet":0,"ocean_menu_typo_font_size_mobile":0,"ocean_menu_typo_font_size_unit":"px","ocean_menu_typo_font_weight":"","ocean_menu_typo_font_weight_tablet":"","ocean_menu_typo_font_weight_mobile":"","ocean_menu_typo_transform":"","ocean_menu_typo_transform_tablet":"","ocean_menu_typo_transform_mobile":"","ocean_menu_typo_line_height":0,"ocean_menu_typo_line_height_tablet":0,"ocean_menu_typo_line_height_mobile":0,"ocean_menu_typo_line_height_unit":"","ocean_menu_typo_spacing":0,"ocean_menu_typo_spacing_tablet":0,"ocean_menu_typo_spacing_mobile":0,"ocean_menu_typo_spacing_unit":"","ocean_menu_link_color":"","ocean_menu_link_color_hover":"","ocean_menu_link_color_active":"","ocean_menu_link_background":"","ocean_menu_link_hover_background":"","ocean_menu_link_active_background":"","ocean_menu_social_links_bg":"","ocean_menu_social_hover_links_bg":"","ocean_menu_social_links_color":"","ocean_menu_social_hover_links_color":"","ocean_disable_title":"default","ocean_disable_heading":"default","ocean_post_title":"","ocean_post_subheading":"","ocean_post_title_style":"","ocean_post_title_background_color":"","ocean_post_title_background":0,"ocean_post_title_bg_image_position":"","ocean_post_title_bg_image_attachment":"","ocean_post_title_bg_image_repeat":"","ocean_post_title_bg_image_size":"","ocean_post_title_height":0,"ocean_post_title_bg_overlay":0.5,"ocean_post_title_bg_overlay_color":"","ocean_disable_breadcrumbs":"default","ocean_breadcrumbs_color":"","ocean_breadcrumbs_separator_color":"","ocean_breadcrumbs_links_color":"","ocean_breadcrumbs_links_hover_color":"","ocean_display_footer_widgets":"default","ocean_display_footer_bottom":"default","ocean_custom_footer_template":"","footnotes":""},"class_list":["post-2311","page","type-page","status-publish","hentry","entry"],"yoast_head":"<!-- This site is optimized with the Yoast SEO plugin v27.4 - https:\/\/yoast.com\/product\/yoast-seo-wordpress\/ -->\n<title>Pr\u00e4ambel &amp; Leitbild | BAPP<\/title>\n<meta name=\"robots\" content=\"index, follow, max-snippet:-1, max-image-preview:large, max-video-preview:-1\" \/>\n<link rel=\"canonical\" href=\"https:\/\/www.bapp.info\/?page_id=2311\" \/>\n<meta property=\"og:locale\" content=\"de_DE\" \/>\n<meta property=\"og:type\" content=\"article\" \/>\n<meta property=\"og:title\" content=\"Pr\u00e4ambel &amp; Leitbild | BAPP\" \/>\n<meta property=\"og:description\" content=\"PR\u00c4AMBEL Die St\u00e4rkung der Ambulanten Psychiatrischen Pflege und das Recht des psychisch erkrankten Menschen auf eine kompetente, umfassende und eine patientenorientierte Pflege ist das Ziel unseres Vereins. LEITBILD Unsere Grundhaltung Die vordringlichste Aufgabe der psychiatrischen Pflege ist die Behandlung, Begleitung und Beratung der Patientinnen und Patienten. Im Mittelpunkt steht dabei der gelungene professionelle Kontakt. Der [&hellip;]\" \/>\n<meta property=\"og:url\" content=\"https:\/\/www.bapp.info\/?page_id=2311\" \/>\n<meta property=\"og:site_name\" content=\"BAPP\" \/>\n<meta property=\"article:publisher\" content=\"https:\/\/www.facebook.com\/BAPPev\/\" \/>\n<meta property=\"article:modified_time\" content=\"2018-01-06T13:58:47+00:00\" \/>\n<meta property=\"og:image\" content=\"https:\/\/www.bapp.info\/wp-content\/uploads\/2018\/11\/bapp2-schatten-www.png\" \/>\n\t<meta property=\"og:image:width\" content=\"1472\" \/>\n\t<meta property=\"og:image:height\" content=\"880\" \/>\n\t<meta property=\"og:image:type\" content=\"image\/png\" \/>\n<meta name=\"twitter:card\" content=\"summary_large_image\" \/>\n<meta name=\"twitter:site\" content=\"@BAPPev\" \/>\n<meta name=\"twitter:label1\" content=\"Gesch\u00e4tzte Lesezeit\" \/>\n\t<meta name=\"twitter:data1\" content=\"1\u00a0Minute\" \/>\n<script type=\"application\/ld+json\" class=\"yoast-schema-graph\">{\"@context\":\"https:\\\/\\\/schema.org\",\"@graph\":[{\"@type\":\"WebPage\",\"@id\":\"https:\\\/\\\/www.bapp.info\\\/?page_id=2311\",\"url\":\"https:\\\/\\\/www.bapp.info\\\/?page_id=2311\",\"name\":\"Pr\u00e4ambel & Leitbild | BAPP\",\"isPartOf\":{\"@id\":\"https:\\\/\\\/www.bapp.info\\\/#website\"},\"datePublished\":\"2017-12-04T13:12:37+00:00\",\"dateModified\":\"2018-01-06T13:58:47+00:00\",\"breadcrumb\":{\"@id\":\"https:\\\/\\\/www.bapp.info\\\/?page_id=2311#breadcrumb\"},\"inLanguage\":\"de\",\"potentialAction\":[{\"@type\":\"ReadAction\",\"target\":[\"https:\\\/\\\/www.bapp.info\\\/?page_id=2311\"]}]},{\"@type\":\"BreadcrumbList\",\"@id\":\"https:\\\/\\\/www.bapp.info\\\/?page_id=2311#breadcrumb\",\"itemListElement\":[{\"@type\":\"ListItem\",\"position\":1,\"name\":\"Startseite\",\"item\":\"https:\\\/\\\/www.bapp.info\\\/\"},{\"@type\":\"ListItem\",\"position\":2,\"name\":\"Die BAPP\",\"item\":\"https:\\\/\\\/www.bapp.info\\\/?page_id=784\"},{\"@type\":\"ListItem\",\"position\":3,\"name\":\"Pr\u00e4ambel &#038; Leitbild\"}]},{\"@type\":\"WebSite\",\"@id\":\"https:\\\/\\\/www.bapp.info\\\/#website\",\"url\":\"https:\\\/\\\/www.bapp.info\\\/\",\"name\":\"BAPP\",\"description\":\"Bundesinitiative Ambulante Psychiatrische Pflege\",\"publisher\":{\"@id\":\"https:\\\/\\\/www.bapp.info\\\/#organization\"},\"potentialAction\":[{\"@type\":\"SearchAction\",\"target\":{\"@type\":\"EntryPoint\",\"urlTemplate\":\"https:\\\/\\\/www.bapp.info\\\/?s={search_term_string}\"},\"query-input\":{\"@type\":\"PropertyValueSpecification\",\"valueRequired\":true,\"valueName\":\"search_term_string\"}}],\"inLanguage\":\"de\"},{\"@type\":\"Organization\",\"@id\":\"https:\\\/\\\/www.bapp.info\\\/#organization\",\"name\":\"BAPP e.V.\",\"url\":\"https:\\\/\\\/www.bapp.info\\\/\",\"logo\":{\"@type\":\"ImageObject\",\"inLanguage\":\"de\",\"@id\":\"https:\\\/\\\/www.bapp.info\\\/#\\\/schema\\\/logo\\\/image\\\/\",\"url\":\"https:\\\/\\\/www.bapp.info\\\/wp-content\\\/uploads\\\/2018\\\/11\\\/bapp2-schatten-www.png\",\"contentUrl\":\"https:\\\/\\\/www.bapp.info\\\/wp-content\\\/uploads\\\/2018\\\/11\\\/bapp2-schatten-www.png\",\"width\":1472,\"height\":880,\"caption\":\"BAPP e.V.\"},\"image\":{\"@id\":\"https:\\\/\\\/www.bapp.info\\\/#\\\/schema\\\/logo\\\/image\\\/\"},\"sameAs\":[\"https:\\\/\\\/www.facebook.com\\\/BAPPev\\\/\",\"https:\\\/\\\/x.com\\\/BAPPev\"]}]}<\/script>\n<!-- \/ Yoast SEO plugin. -->","yoast_head_json":{"title":"Pr\u00e4ambel & Leitbild | BAPP","robots":{"index":"index","follow":"follow","max-snippet":"max-snippet:-1","max-image-preview":"max-image-preview:large","max-video-preview":"max-video-preview:-1"},"canonical":"https:\/\/www.bapp.info\/?page_id=2311","og_locale":"de_DE","og_type":"article","og_title":"Pr\u00e4ambel & Leitbild | BAPP","og_description":"PR\u00c4AMBEL Die St\u00e4rkung der Ambulanten Psychiatrischen Pflege und das Recht des psychisch erkrankten Menschen auf eine kompetente, umfassende und eine patientenorientierte Pflege ist das Ziel unseres Vereins. LEITBILD Unsere Grundhaltung Die vordringlichste Aufgabe der psychiatrischen Pflege ist die Behandlung, Begleitung und Beratung der Patientinnen und Patienten. Im Mittelpunkt steht dabei der gelungene professionelle Kontakt. Der [&hellip;]","og_url":"https:\/\/www.bapp.info\/?page_id=2311","og_site_name":"BAPP","article_publisher":"https:\/\/www.facebook.com\/BAPPev\/","article_modified_time":"2018-01-06T13:58:47+00:00","og_image":[{"width":1472,"height":880,"url":"https:\/\/www.bapp.info\/wp-content\/uploads\/2018\/11\/bapp2-schatten-www.png","type":"image\/png"}],"twitter_card":"summary_large_image","twitter_site":"@BAPPev","twitter_misc":{"Gesch\u00e4tzte Lesezeit":"1\u00a0Minute"},"schema":{"@context":"https:\/\/schema.org","@graph":[{"@type":"WebPage","@id":"https:\/\/www.bapp.info\/?page_id=2311","url":"https:\/\/www.bapp.info\/?page_id=2311","name":"Pr\u00e4ambel & Leitbild | BAPP","isPartOf":{"@id":"https:\/\/www.bapp.info\/#website"},"datePublished":"2017-12-04T13:12:37+00:00","dateModified":"2018-01-06T13:58:47+00:00","breadcrumb":{"@id":"https:\/\/www.bapp.info\/?page_id=2311#breadcrumb"},"inLanguage":"de","potentialAction":[{"@type":"ReadAction","target":["https:\/\/www.bapp.info\/?page_id=2311"]}]},{"@type":"BreadcrumbList","@id":"https:\/\/www.bapp.info\/?page_id=2311#breadcrumb","itemListElement":[{"@type":"ListItem","position":1,"name":"Startseite","item":"https:\/\/www.bapp.info\/"},{"@type":"ListItem","position":2,"name":"Die BAPP","item":"https:\/\/www.bapp.info\/?page_id=784"},{"@type":"ListItem","position":3,"name":"Pr\u00e4ambel &#038; Leitbild"}]},{"@type":"WebSite","@id":"https:\/\/www.bapp.info\/#website","url":"https:\/\/www.bapp.info\/","name":"BAPP","description":"Bundesinitiative Ambulante Psychiatrische Pflege","publisher":{"@id":"https:\/\/www.bapp.info\/#organization"},"potentialAction":[{"@type":"SearchAction","target":{"@type":"EntryPoint","urlTemplate":"https:\/\/www.bapp.info\/?s={search_term_string}"},"query-input":{"@type":"PropertyValueSpecification","valueRequired":true,"valueName":"search_term_string"}}],"inLanguage":"de"},{"@type":"Organization","@id":"https:\/\/www.bapp.info\/#organization","name":"BAPP e.V.","url":"https:\/\/www.bapp.info\/","logo":{"@type":"ImageObject","inLanguage":"de","@id":"https:\/\/www.bapp.info\/#\/schema\/logo\/image\/","url":"https:\/\/www.bapp.info\/wp-content\/uploads\/2018\/11\/bapp2-schatten-www.png","contentUrl":"https:\/\/www.bapp.info\/wp-content\/uploads\/2018\/11\/bapp2-schatten-www.png","width":1472,"height":880,"caption":"BAPP e.V."},"image":{"@id":"https:\/\/www.bapp.info\/#\/schema\/logo\/image\/"},"sameAs":["https:\/\/www.facebook.com\/BAPPev\/","https:\/\/x.com\/BAPPev"]}]}},"_links":{"self":[{"href":"https:\/\/www.bapp.info\/index.php?rest_route=\/wp\/v2\/pages\/2311","targetHints":{"allow":["GET"]}}],"collection":[{"href":"https:\/\/www.bapp.info\/index.php?rest_route=\/wp\/v2\/pages"}],"about":[{"href":"https:\/\/www.bapp.info\/index.php?rest_route=\/wp\/v2\/types\/page"}],"author":[{"embeddable":true,"href":"https:\/\/www.bapp.info\/index.php?rest_route=\/wp\/v2\/users\/891"}],"replies":[{"embeddable":true,"href":"https:\/\/www.bapp.info\/index.php?rest_route=%2Fwp%2Fv2%2Fcomments&post=2311"}],"version-history":[{"count":0,"href":"https:\/\/www.bapp.info\/index.php?rest_route=\/wp\/v2\/pages\/2311\/revisions"}],"up":[{"embeddable":true,"href":"https:\/\/www.bapp.info\/index.php?rest_route=\/wp\/v2\/pages\/784"}],"wp:attachment":[{"href":"https:\/\/www.bapp.info\/index.php?rest_route=%2Fwp%2Fv2%2Fmedia&parent=2311"}],"curies":[{"name":"wp","href":"https:\/\/api.w.org\/{rel}","templated":true}]}}