{"id":1276,"date":"2014-06-15T11:43:17","date_gmt":"2014-06-15T09:43:17","guid":{"rendered":"http:\/\/bapp.info\/bapp\/?page_id=1276"},"modified":"2019-01-11T15:55:44","modified_gmt":"2019-01-11T13:55:44","slug":"mitgliederbereich","status":"publish","type":"page","link":"https:\/\/www.bapp.info\/?page_id=1276","title":{"rendered":"Mitgliederbereich (INTERN)"},"content":{"rendered":"<p>Der Mitgliederbereich ist nur mit Zugangsdaten einsehbar. Die Zugangsdaten erhalten Sie \u00fcber eine Registrierung.<\/p>\n<p>Zur Kontrolle der Mitgliedschaft verwenden Sie unbedingt die der BAPP bekannte Mailadresse. Diese muss anschlie\u00dfend noch vom Administrator best\u00e4tigt werden.<\/p>\n<p>Bitte melden Sie sich dann \u00fcber <strong>&#8220;Login&#8221;<\/strong> an.<\/p>\n<p>Diese Seiten sind ausschlie\u00dflich f\u00fcr den <strong>vereinsinternen <\/strong>Austausch gedacht. Bitte gehen Sie mit den Daten entsprechend <strong>vertraulich <\/strong>um, danke.<\/p>\n","protected":false},"excerpt":{"rendered":"<p>Der Mitgliederbereich ist nur mit Zugangsdaten einsehbar. Die Zugangsdaten erhalten Sie \u00fcber eine Registrierung. Zur Kontrolle der Mitgliedschaft verwenden Sie unbedingt die der BAPP bekannte Mailadresse. Diese muss anschlie\u00dfend noch vom Administrator best\u00e4tigt werden. Bitte melden Sie sich dann \u00fcber &#8220;Login&#8221; an. Diese Seiten sind ausschlie\u00dflich f\u00fcr den vereinsinternen Austausch gedacht. Bitte gehen Sie mit [&hellip;]<\/p>\n","protected":false},"author":891,"featured_media":0,"parent":0,"menu_order":0,"comment_status":"closed","ping_status":"closed","template":"","meta":{"ocean_post_layout":"","ocean_both_sidebars_style":"","ocean_both_sidebars_content_width":0,"ocean_both_sidebars_sidebars_width":0,"ocean_sidebar":"0","ocean_second_sidebar":"0","ocean_disable_margins":"enable","ocean_add_body_class":"","ocean_shortcode_before_top_bar":"","ocean_shortcode_after_top_bar":"","ocean_shortcode_before_header":"","ocean_shortcode_after_header":"","ocean_has_shortcode":"","ocean_shortcode_after_title":"","ocean_shortcode_before_footer_widgets":"","ocean_shortcode_after_footer_widgets":"","ocean_shortcode_before_footer_bottom":"","ocean_shortcode_after_footer_bottom":"","ocean_display_top_bar":"default","ocean_display_header":"default","ocean_header_style":"","ocean_center_header_left_menu":"0","ocean_custom_header_template":"0","ocean_custom_logo":0,"ocean_custom_retina_logo":0,"ocean_custom_logo_max_width":0,"ocean_custom_logo_tablet_max_width":0,"ocean_custom_logo_mobile_max_width":0,"ocean_custom_logo_max_height":0,"ocean_custom_logo_tablet_max_height":0,"ocean_custom_logo_mobile_max_height":0,"ocean_header_custom_menu":"0","ocean_menu_typo_font_family":"0","ocean_menu_typo_font_subset":"","ocean_menu_typo_font_size":0,"ocean_menu_typo_font_size_tablet":0,"ocean_menu_typo_font_size_mobile":0,"ocean_menu_typo_font_size_unit":"px","ocean_menu_typo_font_weight":"","ocean_menu_typo_font_weight_tablet":"","ocean_menu_typo_font_weight_mobile":"","ocean_menu_typo_transform":"","ocean_menu_typo_transform_tablet":"","ocean_menu_typo_transform_mobile":"","ocean_menu_typo_line_height":0,"ocean_menu_typo_line_height_tablet":0,"ocean_menu_typo_line_height_mobile":0,"ocean_menu_typo_line_height_unit":"","ocean_menu_typo_spacing":0,"ocean_menu_typo_spacing_tablet":0,"ocean_menu_typo_spacing_mobile":0,"ocean_menu_typo_spacing_unit":"","ocean_menu_link_color":"","ocean_menu_link_color_hover":"","ocean_menu_link_color_active":"","ocean_menu_link_background":"","ocean_menu_link_hover_background":"","ocean_menu_link_active_background":"","ocean_menu_social_links_bg":"","ocean_menu_social_hover_links_bg":"","ocean_menu_social_links_color":"","ocean_menu_social_hover_links_color":"","ocean_disable_title":"default","ocean_disable_heading":"default","ocean_post_title":"","ocean_post_subheading":"","ocean_post_title_style":"","ocean_post_title_background_color":"","ocean_post_title_background":0,"ocean_post_title_bg_image_position":"","ocean_post_title_bg_image_attachment":"","ocean_post_title_bg_image_repeat":"","ocean_post_title_bg_image_size":"","ocean_post_title_height":0,"ocean_post_title_bg_overlay":0.5,"ocean_post_title_bg_overlay_color":"","ocean_disable_breadcrumbs":"default","ocean_breadcrumbs_color":"","ocean_breadcrumbs_separator_color":"","ocean_breadcrumbs_links_color":"","ocean_breadcrumbs_links_hover_color":"","ocean_display_footer_widgets":"default","ocean_display_footer_bottom":"default","ocean_custom_footer_template":"0","footnotes":""},"class_list":["post-1276","page","type-page","status-publish","hentry","entry"],"yoast_head":"<!-- This site is optimized with the Yoast SEO plugin v27.5 - https:\/\/yoast.com\/product\/yoast-seo-wordpress\/ -->\n<title>Mitgliederbereich (INTERN) | BAPP<\/title>\n<meta name=\"robots\" content=\"index, follow, max-snippet:-1, max-image-preview:large, max-video-preview:-1\" \/>\n<link rel=\"canonical\" href=\"https:\/\/www.bapp.info\/?page_id=1276\" \/>\n<meta property=\"og:locale\" content=\"de_DE\" \/>\n<meta property=\"og:type\" content=\"article\" \/>\n<meta property=\"og:title\" content=\"Mitgliederbereich (INTERN) | BAPP\" \/>\n<meta property=\"og:description\" content=\"Der Mitgliederbereich ist nur mit Zugangsdaten einsehbar. Die Zugangsdaten erhalten Sie \u00fcber eine Registrierung. Zur Kontrolle der Mitgliedschaft verwenden Sie unbedingt die der BAPP bekannte Mailadresse. Diese muss anschlie\u00dfend noch vom Administrator best\u00e4tigt werden. Bitte melden Sie sich dann \u00fcber &#8220;Login&#8221; an. Diese Seiten sind ausschlie\u00dflich f\u00fcr den vereinsinternen Austausch gedacht. Bitte gehen Sie mit [&hellip;]\" \/>\n<meta property=\"og:url\" content=\"https:\/\/www.bapp.info\/?page_id=1276\" \/>\n<meta property=\"og:site_name\" content=\"BAPP\" \/>\n<meta property=\"article:publisher\" content=\"https:\/\/www.facebook.com\/BAPPev\/\" \/>\n<meta property=\"article:modified_time\" content=\"2019-01-11T13:55:44+00:00\" \/>\n<meta property=\"og:image\" content=\"https:\/\/www.bapp.info\/wp-content\/uploads\/2018\/11\/bapp2-schatten-www.png\" \/>\n\t<meta property=\"og:image:width\" content=\"1472\" \/>\n\t<meta property=\"og:image:height\" content=\"880\" \/>\n\t<meta property=\"og:image:type\" content=\"image\/png\" \/>\n<meta name=\"twitter:card\" content=\"summary_large_image\" \/>\n<meta name=\"twitter:site\" content=\"@BAPPev\" \/>\n<script type=\"application\/ld+json\" class=\"yoast-schema-graph\">{\"@context\":\"https:\\\/\\\/schema.org\",\"@graph\":[{\"@type\":\"WebPage\",\"@id\":\"https:\\\/\\\/www.bapp.info\\\/?page_id=1276\",\"url\":\"https:\\\/\\\/www.bapp.info\\\/?page_id=1276\",\"name\":\"Mitgliederbereich (INTERN) | BAPP\",\"isPartOf\":{\"@id\":\"https:\\\/\\\/www.bapp.info\\\/#website\"},\"datePublished\":\"2014-06-15T09:43:17+00:00\",\"dateModified\":\"2019-01-11T13:55:44+00:00\",\"breadcrumb\":{\"@id\":\"https:\\\/\\\/www.bapp.info\\\/?page_id=1276#breadcrumb\"},\"inLanguage\":\"de\",\"potentialAction\":[{\"@type\":\"ReadAction\",\"target\":[\"https:\\\/\\\/www.bapp.info\\\/?page_id=1276\"]}]},{\"@type\":\"BreadcrumbList\",\"@id\":\"https:\\\/\\\/www.bapp.info\\\/?page_id=1276#breadcrumb\",\"itemListElement\":[{\"@type\":\"ListItem\",\"position\":1,\"name\":\"Startseite\",\"item\":\"https:\\\/\\\/www.bapp.info\\\/\"},{\"@type\":\"ListItem\",\"position\":2,\"name\":\"Mitgliederbereich (INTERN)\"}]},{\"@type\":\"WebSite\",\"@id\":\"https:\\\/\\\/www.bapp.info\\\/#website\",\"url\":\"https:\\\/\\\/www.bapp.info\\\/\",\"name\":\"BAPP\",\"description\":\"Bundesinitiative Ambulante Psychiatrische Pflege\",\"publisher\":{\"@id\":\"https:\\\/\\\/www.bapp.info\\\/#organization\"},\"potentialAction\":[{\"@type\":\"SearchAction\",\"target\":{\"@type\":\"EntryPoint\",\"urlTemplate\":\"https:\\\/\\\/www.bapp.info\\\/?s={search_term_string}\"},\"query-input\":{\"@type\":\"PropertyValueSpecification\",\"valueRequired\":true,\"valueName\":\"search_term_string\"}}],\"inLanguage\":\"de\"},{\"@type\":\"Organization\",\"@id\":\"https:\\\/\\\/www.bapp.info\\\/#organization\",\"name\":\"BAPP e.V.\",\"url\":\"https:\\\/\\\/www.bapp.info\\\/\",\"logo\":{\"@type\":\"ImageObject\",\"inLanguage\":\"de\",\"@id\":\"https:\\\/\\\/www.bapp.info\\\/#\\\/schema\\\/logo\\\/image\\\/\",\"url\":\"https:\\\/\\\/www.bapp.info\\\/wp-content\\\/uploads\\\/2018\\\/11\\\/bapp2-schatten-www.png\",\"contentUrl\":\"https:\\\/\\\/www.bapp.info\\\/wp-content\\\/uploads\\\/2018\\\/11\\\/bapp2-schatten-www.png\",\"width\":1472,\"height\":880,\"caption\":\"BAPP e.V.\"},\"image\":{\"@id\":\"https:\\\/\\\/www.bapp.info\\\/#\\\/schema\\\/logo\\\/image\\\/\"},\"sameAs\":[\"https:\\\/\\\/www.facebook.com\\\/BAPPev\\\/\",\"https:\\\/\\\/x.com\\\/BAPPev\"]}]}<\/script>\n<!-- \/ Yoast SEO plugin. -->","yoast_head_json":{"title":"Mitgliederbereich (INTERN) | BAPP","robots":{"index":"index","follow":"follow","max-snippet":"max-snippet:-1","max-image-preview":"max-image-preview:large","max-video-preview":"max-video-preview:-1"},"canonical":"https:\/\/www.bapp.info\/?page_id=1276","og_locale":"de_DE","og_type":"article","og_title":"Mitgliederbereich (INTERN) | BAPP","og_description":"Der Mitgliederbereich ist nur mit Zugangsdaten einsehbar. Die Zugangsdaten erhalten Sie \u00fcber eine Registrierung. Zur Kontrolle der Mitgliedschaft verwenden Sie unbedingt die der BAPP bekannte Mailadresse. Diese muss anschlie\u00dfend noch vom Administrator best\u00e4tigt werden. Bitte melden Sie sich dann \u00fcber &#8220;Login&#8221; an. Diese Seiten sind ausschlie\u00dflich f\u00fcr den vereinsinternen Austausch gedacht. Bitte gehen Sie mit [&hellip;]","og_url":"https:\/\/www.bapp.info\/?page_id=1276","og_site_name":"BAPP","article_publisher":"https:\/\/www.facebook.com\/BAPPev\/","article_modified_time":"2019-01-11T13:55:44+00:00","og_image":[{"width":1472,"height":880,"url":"https:\/\/www.bapp.info\/wp-content\/uploads\/2018\/11\/bapp2-schatten-www.png","type":"image\/png"}],"twitter_card":"summary_large_image","twitter_site":"@BAPPev","schema":{"@context":"https:\/\/schema.org","@graph":[{"@type":"WebPage","@id":"https:\/\/www.bapp.info\/?page_id=1276","url":"https:\/\/www.bapp.info\/?page_id=1276","name":"Mitgliederbereich (INTERN) | BAPP","isPartOf":{"@id":"https:\/\/www.bapp.info\/#website"},"datePublished":"2014-06-15T09:43:17+00:00","dateModified":"2019-01-11T13:55:44+00:00","breadcrumb":{"@id":"https:\/\/www.bapp.info\/?page_id=1276#breadcrumb"},"inLanguage":"de","potentialAction":[{"@type":"ReadAction","target":["https:\/\/www.bapp.info\/?page_id=1276"]}]},{"@type":"BreadcrumbList","@id":"https:\/\/www.bapp.info\/?page_id=1276#breadcrumb","itemListElement":[{"@type":"ListItem","position":1,"name":"Startseite","item":"https:\/\/www.bapp.info\/"},{"@type":"ListItem","position":2,"name":"Mitgliederbereich (INTERN)"}]},{"@type":"WebSite","@id":"https:\/\/www.bapp.info\/#website","url":"https:\/\/www.bapp.info\/","name":"BAPP","description":"Bundesinitiative Ambulante Psychiatrische Pflege","publisher":{"@id":"https:\/\/www.bapp.info\/#organization"},"potentialAction":[{"@type":"SearchAction","target":{"@type":"EntryPoint","urlTemplate":"https:\/\/www.bapp.info\/?s={search_term_string}"},"query-input":{"@type":"PropertyValueSpecification","valueRequired":true,"valueName":"search_term_string"}}],"inLanguage":"de"},{"@type":"Organization","@id":"https:\/\/www.bapp.info\/#organization","name":"BAPP e.V.","url":"https:\/\/www.bapp.info\/","logo":{"@type":"ImageObject","inLanguage":"de","@id":"https:\/\/www.bapp.info\/#\/schema\/logo\/image\/","url":"https:\/\/www.bapp.info\/wp-content\/uploads\/2018\/11\/bapp2-schatten-www.png","contentUrl":"https:\/\/www.bapp.info\/wp-content\/uploads\/2018\/11\/bapp2-schatten-www.png","width":1472,"height":880,"caption":"BAPP e.V."},"image":{"@id":"https:\/\/www.bapp.info\/#\/schema\/logo\/image\/"},"sameAs":["https:\/\/www.facebook.com\/BAPPev\/","https:\/\/x.com\/BAPPev"]}]}},"_links":{"self":[{"href":"https:\/\/www.bapp.info\/index.php?rest_route=\/wp\/v2\/pages\/1276","targetHints":{"allow":["GET"]}}],"collection":[{"href":"https:\/\/www.bapp.info\/index.php?rest_route=\/wp\/v2\/pages"}],"about":[{"href":"https:\/\/www.bapp.info\/index.php?rest_route=\/wp\/v2\/types\/page"}],"author":[{"embeddable":true,"href":"https:\/\/www.bapp.info\/index.php?rest_route=\/wp\/v2\/users\/891"}],"replies":[{"embeddable":true,"href":"https:\/\/www.bapp.info\/index.php?rest_route=%2Fwp%2Fv2%2Fcomments&post=1276"}],"version-history":[{"count":0,"href":"https:\/\/www.bapp.info\/index.php?rest_route=\/wp\/v2\/pages\/1276\/revisions"}],"wp:attachment":[{"href":"https:\/\/www.bapp.info\/index.php?rest_route=%2Fwp%2Fv2%2Fmedia&parent=1276"}],"curies":[{"name":"wp","href":"https:\/\/api.w.org\/{rel}","templated":true}]}}